{"id":3810,"date":"2025-10-17T22:44:02","date_gmt":"2025-10-17T22:44:02","guid":{"rendered":"https:\/\/solidaplastik.com\/?page_id=3810"},"modified":"2026-01-06T21:58:55","modified_gmt":"2026-01-06T21:58:55","slug":"plastik-ambalaj-grubu","status":"publish","type":"page","link":"https:\/\/solidaplastik.com\/en\/services-tum-urunler\/plastik-ambalaj-grubu\/","title":{"rendered":"Plastik Ambalaj Grubu"},"content":{"rendered":"<div data-elementor-type=\"wp-page\" data-elementor-id=\"3810\" class=\"elementor elementor-3810\">\n\t\t\t\t<div class=\"elementor-element elementor-element-de30584 e-grid e-con-boxed wpr-particle-no wpr-jarallax-no wpr-parallax-no wpr-sticky-section-no e-con e-parent\" data-id=\"de30584\" data-element_type=\"container\" data-settings=\"{&quot;background_background&quot;:&quot;classic&quot;}\">\n\t\t\t\t\t<div class=\"e-con-inner\">\n\t\t\t\t\t<\/div>\n\t\t\t\t<\/div>\n\t\t<div class=\"elementor-element elementor-element-3008afe e-grid e-con-boxed wpr-particle-no wpr-jarallax-no wpr-parallax-no wpr-sticky-section-no e-con e-parent\" data-id=\"3008afe\" data-element_type=\"container\" data-settings=\"{&quot;background_background&quot;:&quot;classic&quot;,&quot;shape_divider_bottom&quot;:&quot;waves&quot;}\">\n\t\t\t\t\t<div class=\"e-con-inner\">\n\t\t\t\t<div class=\"elementor-shape elementor-shape-bottom\" aria-hidden=\"true\" data-negative=\"false\">\n\t\t\t<svg xmlns=\"http:\/\/www.w3.org\/2000\/svg\" viewbox=\"0 0 1000 100\" preserveaspectratio=\"none\">\n\t<path class=\"elementor-shape-fill\" d=\"M421.9,6.5c22.6-2.5,51.5,0.4,75.5,5.3c23.6,4.9,70.9,23.5,100.5,35.7c75.8,32.2,133.7,44.5,192.6,49.7\tc23.6,2.1,48.7,3.5,103.4-2.5c54.7-6,106.2-25.6,106.2-25.6V0H0v30.3c0,0,72,32.6,158.4,30.5c39.2-0.7,92.8-6.7,134-22.4\tc21.2-8.1,52.2-18.2,79.7-24.2C399.3,7.9,411.6,7.5,421.9,6.5z\"\/>\n<\/svg>\t\t<\/div>\n\t\t\t\t<div class=\"elementor-element elementor-element-a1fa38b elementor-widget elementor-widget-heading\" data-id=\"a1fa38b\" data-element_type=\"widget\" data-widget_type=\"heading.default\">\n\t\t\t\t<div class=\"elementor-widget-container\">\n\t\t\t\t\t<h2 class=\"elementor-heading-title elementor-size-default\">Plastik Ambalaj Grubu \u00dcr\u00fcnlerimiz<\/h2>\t\t\t\t<\/div>\n\t\t\t\t<\/div>\n\t\t\t\t\t<\/div>\n\t\t\t\t<\/div>\n\t\t<div class=\"elementor-element elementor-element-b2de3ee e-flex e-con-boxed wpr-particle-no wpr-jarallax-no wpr-parallax-no wpr-sticky-section-no e-con e-parent\" data-id=\"b2de3ee\" data-element_type=\"container\">\n\t\t\t\t\t<div class=\"e-con-inner\">\n\t\t<div class=\"elementor-element elementor-element-434f922 e-grid e-con-full wpr-particle-no wpr-jarallax-no wpr-parallax-no wpr-sticky-section-no e-con e-child\" data-id=\"434f922\" data-element_type=\"container\" data-settings=\"{&quot;background_background&quot;:&quot;classic&quot;}\">\n\t\t\t\t<div class=\"elementor-element elementor-element-127ec09 eael-fg-card-content-align-center elementor-widget elementor-widget-eael-filterable-gallery\" data-id=\"127ec09\" data-element_type=\"widget\" data-settings=\"{&quot;photo_gallery&quot;:&quot;yes&quot;,&quot;pagination&quot;:&quot;false&quot;}\" data-widget_type=\"eael-filterable-gallery.default\">\n\t\t\t\t<div class=\"elementor-widget-container\">\n\t\t\t\t\t<style id=\"eael-fg-inline-css-127ec09\">@media only screen and (max-width: 2399px) {\n\t\t\t\t\t.elementor-element.elementor-element-127ec09 .eael-filterable-gallery-item-wrap {\n\t\t\t\t\t        width: 33.333333333333%;\n\t\t\t\t\t    }\n\t\t\t\t\t}@media only screen and (max-width: 1024px) {\n\t\t\t\t\t.elementor-element.elementor-element-127ec09  .eael-filterable-gallery-item-wrap {\n\t\t\t\t\t        width: 50%;\n\t\t\t\t\t    }\n\t\t\t\t\t}@media only screen and (max-width: 767px) {\n\t\t\t\t\t.elementor-element.elementor-element-127ec09  .eael-filterable-gallery-item-wrap {\n\t\t\t\t\t        width: 100%;\n\t\t\t\t\t    }\n\t\t\t\t\t}<\/style>        <div id=\"eael-filter-gallery-wrapper-127ec09\" class=\"eael-filter-gallery-wrapper\" data-layout-mode=\"card\" data-breakpoints=\"{&quot;mobile&quot;:{&quot;label&quot;:&quot;Mobile Portrait&quot;,&quot;value&quot;:767,&quot;default_value&quot;:767,&quot;direction&quot;:&quot;max&quot;,&quot;is_enabled&quot;:true},&quot;mobile_extra&quot;:{&quot;label&quot;:&quot;Mobile Landscape&quot;,&quot;value&quot;:880,&quot;default_value&quot;:880,&quot;direction&quot;:&quot;max&quot;,&quot;is_enabled&quot;:false},&quot;tablet&quot;:{&quot;label&quot;:&quot;Tablet Portrait&quot;,&quot;value&quot;:1024,&quot;default_value&quot;:1024,&quot;direction&quot;:&quot;max&quot;,&quot;is_enabled&quot;:true},&quot;tablet_extra&quot;:{&quot;label&quot;:&quot;Tablet Landscape&quot;,&quot;value&quot;:1200,&quot;default_value&quot;:1200,&quot;direction&quot;:&quot;max&quot;,&quot;is_enabled&quot;:false},&quot;laptop&quot;:{&quot;label&quot;:&quot;Laptop&quot;,&quot;value&quot;:1366,&quot;default_value&quot;:1366,&quot;direction&quot;:&quot;max&quot;,&quot;is_enabled&quot;:false},&quot;widescreen&quot;:{&quot;label&quot;:&quot;Widescreen&quot;,&quot;value&quot;:2400,&quot;default_value&quot;:2400,&quot;direction&quot;:&quot;min&quot;,&quot;is_enabled&quot;:false}}\" data-default_control_key=\"0\" data-custom_default_control=\"\">\n                        <div class=\"eael-filter-gallery-control\">\n                <ul><li data-load-more-status=\"0\" data-first-init=\"1\" class=\"control all-control  active\" data-filter=\"*\">T\u00fcm\u00fc<\/li><li  data-load-more-status=\"0\" data-first-init=\"0\"\n                        class=\"control\" data-filter=\".eael-cf-30-litre\">30 Litre<\/li><li  data-load-more-status=\"0\" data-first-init=\"0\"\n                        class=\"control\" data-filter=\".eael-cf-60-litre\">60 Litre<\/li><li  data-load-more-status=\"0\" data-first-init=\"0\"\n                        class=\"control\" data-filter=\".eael-cf-120-litre\">120 Litre<\/li><\/ul>\n            <\/div>\n                    <div class=\"eael-filter-gallery-container eael-filter-gallery-grid\" data-images-per-page=\"\" data-total-gallery-items=\"3\" data-nomore-item-text=\"\" data-is-randomize=\"no\" data-settings=\"{&quot;grid_style&quot;:&quot;grid&quot;,&quot;popup&quot;:&quot;buttons&quot;,&quot;duration&quot;:500,&quot;gallery_enabled&quot;:&quot;yes&quot;,&quot;video_gallery_yt_privacy&quot;:&quot;&quot;,&quot;control_all_text&quot;:&quot;T\\u00fcm\\u00fc&quot;,&quot;post_id&quot;:3810,&quot;widget_id&quot;:&quot;127ec09&quot;}\" data-search-all=\"\" data-gallery-items=\"WyI8ZGl2IGNsYXNzPVwiZWFlbC1maWx0ZXJhYmxlLWdhbGxlcnktaXRlbS13cmFwIGVhZWwtY2YtMzAtbGl0cmVcIj5cblx0XHRcdFx0PGRpdiBjbGFzcz1cImVhZWwtZ2FsbGVyeS1ncmlkLWl0ZW1cIj48ZGl2IGNsYXNzPVwiZ2FsbGVyeS1pdGVtLXRodW1ibmFpbC13cmFwXCI+PGltZyBzcmM9XCJodHRwczpcL1wvc29saWRhcGxhc3Rpay5jb21cL3dwLWNvbnRlbnRcL3VwbG9hZHNcLzIwMjVcLzExXC9VZnVrLXNvbGlkYS0zLnBuZ1wiIGRhdGEtbGF6eS1zcmM9XCJodHRwczpcL1wvc29saWRhcGxhc3Rpay5jb21cL3dwLWNvbnRlbnRcL3VwbG9hZHNcLzIwMjVcLzExXC9VZnVrLXNvbGlkYS0zLnBuZ1wiIGFsdD1cInVmdWsgc29saWRhICgzKVwiIGNsYXNzPVwiZ2FsbGVyeS1pdGVtLXRodW1ibmFpbFwiPjxkaXYgY2xhc3M9XCJnYWxsZXJ5LWl0ZW0tY2FwdGlvbi13cmFwIGNhcmQtaG92ZXItYmcgY2FwdGlvbi1zdHlsZS1ob3ZlcmVyIFwiPlxuICAgICAgICAgICAgICAgICAgICAgICAgICAgIDxkaXYgY2xhc3M9XCJnYWxsZXJ5LWl0ZW0tYnV0dG9uc1wiPjxhIGFyZWEtaGlkZGVuPVwidHJ1ZVwiIGFyaWEtbGFiZWw9XCJlYWVsLW1hZ25pZmljLWxpbmtcIiBocmVmPVwiaHR0cHM6XC9cL3NvbGlkYXBsYXN0aWsuY29tXC93cC1jb250ZW50XC91cGxvYWRzXC8yMDI1XC8xMVwvVWZ1ay1zb2xpZGEtMy5wbmdcIiBjbGFzcz1cImVhZWwtbWFnbmlmaWMtbGluayBlYWVsLW1hZ25pZmljLWxpbmstY2xvbmUgYWN0aXZlXCIgZGF0YS1lbGVtZW50b3Itb3Blbi1saWdodGJveD1cInllc1wiIHRpdGxlPVwiXCI+PHNwYW4gY2xhc3M9XCJmZy1pdGVtLWljb24taW5uZXJcIj48aSBjbGFzcz1cImZhcyBmYS1zZWFyY2gtcGx1c1wiIGFyaWEtaGlkZGVuPVwidHJ1ZVwiPjxcL2k+PFwvc3Bhbj5cbiAgICAgICAgICAgIDxcL2E+ICAgICAgICAgICAgICAgIDxhIGhyZWY9XCIjXCIgYXJpYS1sYWJlbD1cImVhZWwtaXRlbS1tYXliZS1saW5rXCI+IDxzcGFuIGNsYXNzPVwiZmctaXRlbS1pY29uLWlubmVyXCI+PGkgY2xhc3M9XCJmYXMgZmEtbGlua1wiIGFyaWEtaGlkZGVuPVwidHJ1ZVwiPjxcL2k+PFwvc3Bhbj48XC9hPjxcL2Rpdj5cbiAgICAgICAgICAgICAgICAgICAgICAgIDxcL2Rpdj48XC9kaXY+PGRpdiBjbGFzcz1cImdhbGxlcnktaXRlbS1jYXB0aW9uLXdyYXAgY2FwdGlvbi1zdHlsZS1jYXJkIFwiPjxkaXYgY2xhc3M9XCJnYWxsZXJ5LWl0ZW0tY2FwdGlvbi1vdmVyXCI+PGgyIGNsYXNzPVwiZmctaXRlbS10aXRsZVwiPjMwIExpdHJlIFx1MDBjN2FudGEgUGxhc3RpayBCaWRvbjxcL2gyPjxkaXYgY2xhc3M9XCJmZy1pdGVtLWNvbnRlbnRcIj48cD48c3Ryb25nPkhhY2ltOjxcL3N0cm9uZz5cdTAwYTAzMCBMaXRyZTxcL3A+XG48cD48c3Ryb25nPllcdTAwZmNrc2VrbGlrOjxcL3N0cm9uZz5cdTAwYTA0MjUgbW08XC9wPlxuPHA+PHN0cm9uZz5Cb3k6PFwvc3Ryb25nPlx1MDBhMDMzMyBtbTxcL3A+XG48cD48c3Ryb25nPkVuOjxcL3N0cm9uZz5cdTAwYTAyOTUgbW08XC9wPlxuPHA+PHN0cm9uZz5SZW5rOjxcL3N0cm9uZz5cdTAwYTBNYXZpPFwvcD5cbjxcL2Rpdj48XC9kaXY+PFwvZGl2PjxcL2Rpdj48XC9kaXY+IiwiPGRpdiBjbGFzcz1cImVhZWwtZmlsdGVyYWJsZS1nYWxsZXJ5LWl0ZW0td3JhcCBlYWVsLWNmLTYwLWxpdHJlXCI+XG5cdFx0XHRcdDxkaXYgY2xhc3M9XCJlYWVsLWdhbGxlcnktZ3JpZC1pdGVtXCI+PGRpdiBjbGFzcz1cImdhbGxlcnktaXRlbS10aHVtYm5haWwtd3JhcFwiPjxpbWcgc3JjPVwiaHR0cHM6XC9cL3NvbGlkYXBsYXN0aWsuY29tXC93cC1jb250ZW50XC91cGxvYWRzXC8yMDI2XC8wMVwvVWZ1ay1zb2xpZGEtOS5wbmdcIiBkYXRhLWxhenktc3JjPVwiaHR0cHM6XC9cL3NvbGlkYXBsYXN0aWsuY29tXC93cC1jb250ZW50XC91cGxvYWRzXC8yMDI2XC8wMVwvVWZ1ay1zb2xpZGEtOS5wbmdcIiBhbHQ9XCJ1ZnVrIHNvbGlkYSAoOSlcIiBjbGFzcz1cImdhbGxlcnktaXRlbS10aHVtYm5haWxcIj48ZGl2IGNsYXNzPVwiZ2FsbGVyeS1pdGVtLWNhcHRpb24td3JhcCBjYXJkLWhvdmVyLWJnIGNhcHRpb24tc3R5bGUtaG92ZXJlciBcIj5cbiAgICAgICAgICAgICAgICAgICAgICAgICAgICA8ZGl2IGNsYXNzPVwiZ2FsbGVyeS1pdGVtLWJ1dHRvbnNcIj48YSBhcmVhLWhpZGRlbj1cInRydWVcIiBhcmlhLWxhYmVsPVwiZWFlbC1tYWduaWZpYy1saW5rXCIgaHJlZj1cImh0dHBzOlwvXC9zb2xpZGFwbGFzdGlrLmNvbVwvd3AtY29udGVudFwvdXBsb2Fkc1wvMjAyNlwvMDFcL1VmdWstc29saWRhLTkucG5nXCIgY2xhc3M9XCJlYWVsLW1hZ25pZmljLWxpbmsgZWFlbC1tYWduaWZpYy1saW5rLWNsb25lIGFjdGl2ZVwiIGRhdGEtZWxlbWVudG9yLW9wZW4tbGlnaHRib3g9XCJ5ZXNcIiB0aXRsZT1cIlwiPjxzcGFuIGNsYXNzPVwiZmctaXRlbS1pY29uLWlubmVyXCI+PGkgY2xhc3M9XCJmYXMgZmEtc2VhcmNoLXBsdXNcIiBhcmlhLWhpZGRlbj1cInRydWVcIj48XC9pPjxcL3NwYW4+XG4gICAgICAgICAgICA8XC9hPiAgICAgICAgICAgICAgICA8YSBocmVmPVwiI1wiIGFyaWEtbGFiZWw9XCJlYWVsLWl0ZW0tbWF5YmUtbGlua1wiPiA8c3BhbiBjbGFzcz1cImZnLWl0ZW0taWNvbi1pbm5lclwiPjxpIGNsYXNzPVwiZmFzIGZhLWxpbmtcIiBhcmlhLWhpZGRlbj1cInRydWVcIj48XC9pPjxcL3NwYW4+PFwvYT48XC9kaXY+XG4gICAgICAgICAgICAgICAgICAgICAgICA8XC9kaXY+PFwvZGl2PjxkaXYgY2xhc3M9XCJnYWxsZXJ5LWl0ZW0tY2FwdGlvbi13cmFwIGNhcHRpb24tc3R5bGUtY2FyZCBcIj48ZGl2IGNsYXNzPVwiZ2FsbGVyeS1pdGVtLWNhcHRpb24tb3ZlclwiPjxoMiBjbGFzcz1cImZnLWl0ZW0tdGl0bGVcIj42MCBMaXRyZSBcdTAwYzdhbnRhIFBsYXN0aWsgQmlkb248XC9oMj48ZGl2IGNsYXNzPVwiZmctaXRlbS1jb250ZW50XCI+PHA+PHN0cm9uZz5IYWNpbTo8XC9zdHJvbmc+XHUwMGEwNjAgTGl0cmU8XC9wPlxuPHA+PHN0cm9uZz5ZXHUwMGZja3Nla2xpazo8XC9zdHJvbmc+XHUwMGEwNjMwIG1tPFwvcD5cbjxwPjxzdHJvbmc+Qm95OjxcL3N0cm9uZz5cdTAwYTAzOTggbW08XC9wPlxuPHA+PHN0cm9uZz5Fbjo8XC9zdHJvbmc+XHUwMGEwMzM0IG1tPFwvcD5cbjxwPjxzdHJvbmc+UmVuazo8XC9zdHJvbmc+XHUwMGEwTWF2aTxcL3A+XG48XC9kaXY+PFwvZGl2PjxcL2Rpdj48XC9kaXY+PFwvZGl2PiIsIjxkaXYgY2xhc3M9XCJlYWVsLWZpbHRlcmFibGUtZ2FsbGVyeS1pdGVtLXdyYXAgZWFlbC1jZi0xMjAtbGl0cmVcIj5cblx0XHRcdFx0PGRpdiBjbGFzcz1cImVhZWwtZ2FsbGVyeS1ncmlkLWl0ZW1cIj48ZGl2IGNsYXNzPVwiZ2FsbGVyeS1pdGVtLXRodW1ibmFpbC13cmFwXCI+PGltZyBzcmM9XCJodHRwczpcL1wvc29saWRhcGxhc3Rpay5jb21cL3dwLWNvbnRlbnRcL3VwbG9hZHNcLzIwMjZcLzAxXC9VZnVrLXNvbGlkYS0xNC5wbmdcIiBkYXRhLWxhenktc3JjPVwiaHR0cHM6XC9cL3NvbGlkYXBsYXN0aWsuY29tXC93cC1jb250ZW50XC91cGxvYWRzXC8yMDI2XC8wMVwvVWZ1ay1zb2xpZGEtMTQucG5nXCIgYWx0PVwidWZ1ayBzb2xpZGEgKDE0KVwiIGNsYXNzPVwiZ2FsbGVyeS1pdGVtLXRodW1ibmFpbFwiPjxkaXYgY2xhc3M9XCJnYWxsZXJ5LWl0ZW0tY2FwdGlvbi13cmFwIGNhcmQtaG92ZXItYmcgY2FwdGlvbi1zdHlsZS1ob3ZlcmVyIFwiPlxuICAgICAgICAgICAgICAgICAgICAgICAgICAgIDxkaXYgY2xhc3M9XCJnYWxsZXJ5LWl0ZW0tYnV0dG9uc1wiPjxhIGFyZWEtaGlkZGVuPVwidHJ1ZVwiIGFyaWEtbGFiZWw9XCJlYWVsLW1hZ25pZmljLWxpbmtcIiBocmVmPVwiaHR0cHM6XC9cL3NvbGlkYXBsYXN0aWsuY29tXC93cC1jb250ZW50XC91cGxvYWRzXC8yMDI2XC8wMVwvVWZ1ay1zb2xpZGEtMTQucG5nXCIgY2xhc3M9XCJlYWVsLW1hZ25pZmljLWxpbmsgZWFlbC1tYWduaWZpYy1saW5rLWNsb25lIGFjdGl2ZVwiIGRhdGEtZWxlbWVudG9yLW9wZW4tbGlnaHRib3g9XCJ5ZXNcIiB0aXRsZT1cIlwiPjxzcGFuIGNsYXNzPVwiZmctaXRlbS1pY29uLWlubmVyXCI+PGkgY2xhc3M9XCJmYXMgZmEtc2VhcmNoLXBsdXNcIiBhcmlhLWhpZGRlbj1cInRydWVcIj48XC9pPjxcL3NwYW4+XG4gICAgICAgICAgICA8XC9hPiAgICAgICAgICAgICAgICA8YSBocmVmPVwiI1wiIGFyaWEtbGFiZWw9XCJlYWVsLWl0ZW0tbWF5YmUtbGlua1wiPiA8c3BhbiBjbGFzcz1cImZnLWl0ZW0taWNvbi1pbm5lclwiPjxpIGNsYXNzPVwiZmFzIGZhLWxpbmtcIiBhcmlhLWhpZGRlbj1cInRydWVcIj48XC9pPjxcL3NwYW4+PFwvYT48XC9kaXY+XG4gICAgICAgICAgICAgICAgICAgICAgICA8XC9kaXY+PFwvZGl2PjxkaXYgY2xhc3M9XCJnYWxsZXJ5LWl0ZW0tY2FwdGlvbi13cmFwIGNhcHRpb24tc3R5bGUtY2FyZCBcIj48ZGl2IGNsYXNzPVwiZ2FsbGVyeS1pdGVtLWNhcHRpb24tb3ZlclwiPjxoMiBjbGFzcz1cImZnLWl0ZW0tdGl0bGVcIj4xMjAgTGl0cmUgXHUwMGM3ZW1iZXJsaSBCaWRvbjxcL2gyPjxkaXYgY2xhc3M9XCJmZy1pdGVtLWNvbnRlbnRcIj48cD5cdTAwYTA8XC9wPlxuPHA+PHN0cm9uZz5IYWNpbTo8XC9zdHJvbmc+XHUwMGEwMTIwIExpdHJlPFwvcD5cbjxwPjxzdHJvbmc+WVx1MDBmY2tzZWtsaWs6PFwvc3Ryb25nPlx1MDBhMDQ5NiBtbTxcL3A+XG48cD48c3Ryb25nPkVuOjxcL3N0cm9uZz5cdTAwYTA0NDUgbW08XC9wPlxuPHA+PHN0cm9uZz5SZW5rOjxcL3N0cm9uZz5cdTAwYTBNYXZpPFwvcD5cbjxcL2Rpdj48XC9kaXY+PFwvZGl2PjxcL2Rpdj48XC9kaXY+Il0=\" data-init-show=\"6\">\n            <div class=\"eael-filterable-gallery-item-wrap eael-cf-30-litre\">\n\t\t\t\t<div class=\"eael-gallery-grid-item\"><div class=\"gallery-item-thumbnail-wrap\"><img decoding=\"async\" src=\"https:\/\/solidaplastik.com\/wp-content\/uploads\/2025\/11\/Ufuk-solida-3.png\" data-lazy-src=\"https:\/\/solidaplastik.com\/wp-content\/uploads\/2025\/11\/Ufuk-solida-3.png\" alt=\"ufuk solida (3)\" class=\"gallery-item-thumbnail\" title=\"Plastik Ambalaj Grubu\"><div class=\"gallery-item-caption-wrap card-hover-bg caption-style-hoverer\">\n                            <div class=\"gallery-item-buttons\"><a area-hidden=\"true\" aria-label=\"eael-magnific-link\" href=\"https:\/\/solidaplastik.com\/wp-content\/uploads\/2025\/11\/Ufuk-solida-3.png\" class=\"eael-magnific-link eael-magnific-link-clone active\" data-elementor-open-lightbox=\"yes\" title=\"\"><span class=\"fg-item-icon-inner\"><i class=\"fas fa-search-plus\" aria-hidden=\"true\"><\/i><\/span>\n            <\/a>                <a href=\"#\" aria-label=\"eael-item-maybe-link\"> <span class=\"fg-item-icon-inner\"><i class=\"fas fa-link\" aria-hidden=\"true\"><\/i><\/span><\/a><\/div>\n                        <\/div><\/div><div class=\"gallery-item-caption-wrap caption-style-card\"><div class=\"gallery-item-caption-over\"><h2 class=\"fg-item-title\">30 Litre \u00c7anta Plastik Bidon<\/h2><div class=\"fg-item-content\"><p><strong>Hacim:<\/strong>\u00a030 Litre<\/p>\n<p><strong>Y\u00fckseklik:<\/strong>\u00a0425 mm<\/p>\n<p><strong>Boy:<\/strong>\u00a0333 mm<\/p>\n<p><strong>En:<\/strong>\u00a0295 mm<\/p>\n<p><strong>Renk:<\/strong>\u00a0Mavi<\/p>\n<\/div><\/div><\/div><\/div><\/div><div class=\"eael-filterable-gallery-item-wrap eael-cf-60-litre\">\n\t\t\t\t<div class=\"eael-gallery-grid-item\"><div class=\"gallery-item-thumbnail-wrap\"><img decoding=\"async\" src=\"https:\/\/solidaplastik.com\/wp-content\/uploads\/2026\/01\/Ufuk-solida-9.png\" data-lazy-src=\"https:\/\/solidaplastik.com\/wp-content\/uploads\/2026\/01\/Ufuk-solida-9.png\" alt=\"ufuk solida (9)\" class=\"gallery-item-thumbnail\" title=\"Plastik Ambalaj Grubu\"><div class=\"gallery-item-caption-wrap card-hover-bg caption-style-hoverer\">\n                            <div class=\"gallery-item-buttons\"><a area-hidden=\"true\" aria-label=\"eael-magnific-link\" href=\"https:\/\/solidaplastik.com\/wp-content\/uploads\/2026\/01\/Ufuk-solida-9.png\" class=\"eael-magnific-link eael-magnific-link-clone active\" data-elementor-open-lightbox=\"yes\" title=\"\"><span class=\"fg-item-icon-inner\"><i class=\"fas fa-search-plus\" aria-hidden=\"true\"><\/i><\/span>\n            <\/a>                <a href=\"#\" aria-label=\"eael-item-maybe-link\"> <span class=\"fg-item-icon-inner\"><i class=\"fas fa-link\" aria-hidden=\"true\"><\/i><\/span><\/a><\/div>\n                        <\/div><\/div><div class=\"gallery-item-caption-wrap caption-style-card\"><div class=\"gallery-item-caption-over\"><h2 class=\"fg-item-title\">60 Litre \u00c7anta Plastik Bidon<\/h2><div class=\"fg-item-content\"><p><strong>Hacim:<\/strong>\u00a060 Litre<\/p>\n<p><strong>Y\u00fckseklik:<\/strong>\u00a0630 mm<\/p>\n<p><strong>Boy:<\/strong>\u00a0398 mm<\/p>\n<p><strong>En:<\/strong>\u00a0334 mm<\/p>\n<p><strong>Renk:<\/strong>\u00a0Mavi<\/p>\n<\/div><\/div><\/div><\/div><\/div><div class=\"eael-filterable-gallery-item-wrap eael-cf-120-litre\">\n\t\t\t\t<div class=\"eael-gallery-grid-item\"><div class=\"gallery-item-thumbnail-wrap\"><img decoding=\"async\" src=\"https:\/\/solidaplastik.com\/wp-content\/uploads\/2026\/01\/Ufuk-solida-14.png\" data-lazy-src=\"https:\/\/solidaplastik.com\/wp-content\/uploads\/2026\/01\/Ufuk-solida-14.png\" alt=\"ufuk solida (14)\" class=\"gallery-item-thumbnail\" title=\"Plastik Ambalaj Grubu\"><div class=\"gallery-item-caption-wrap card-hover-bg caption-style-hoverer\">\n                            <div class=\"gallery-item-buttons\"><a area-hidden=\"true\" aria-label=\"eael-magnific-link\" href=\"https:\/\/solidaplastik.com\/wp-content\/uploads\/2026\/01\/Ufuk-solida-14.png\" class=\"eael-magnific-link eael-magnific-link-clone active\" data-elementor-open-lightbox=\"yes\" title=\"\"><span class=\"fg-item-icon-inner\"><i class=\"fas fa-search-plus\" aria-hidden=\"true\"><\/i><\/span>\n            <\/a>                <a href=\"#\" aria-label=\"eael-item-maybe-link\"> <span class=\"fg-item-icon-inner\"><i class=\"fas fa-link\" aria-hidden=\"true\"><\/i><\/span><\/a><\/div>\n                        <\/div><\/div><div class=\"gallery-item-caption-wrap caption-style-card\"><div class=\"gallery-item-caption-over\"><h2 class=\"fg-item-title\">120 Litre \u00c7emberli Bidon<\/h2><div class=\"fg-item-content\"><p>\u00a0<\/p>\n<p><strong>Hacim:<\/strong>\u00a0120 Litre<\/p>\n<p><strong>Y\u00fckseklik:<\/strong>\u00a0496 mm<\/p>\n<p><strong>En:<\/strong>\u00a0445 mm<\/p>\n<p><strong>Renk:<\/strong>\u00a0Mavi<\/p>\n<\/div><\/div><\/div><\/div><\/div>        <\/div>\n                <\/div>\n        \n        \t\t\t\t<\/div>\n\t\t\t\t<\/div>\n\t\t\t\t<\/div>\n\t\t\t\t\t<\/div>\n\t\t\t\t<\/div>\n\t\t\t\t<\/div>","protected":false},"excerpt":{"rendered":"<p>Plastik Ambalaj Grubu \u00dcr\u00fcnlerimiz T\u00fcm\u00fc 30 Litre 60 Litre 120 Litre 30 Litre \u00c7anta Plastik Bidon Hacim:\u00a030 Litre Y\u00fckseklik:\u00a0425 mm Boy:\u00a0333 mm En:\u00a0295 mm Renk:\u00a0Mavi 60 Litre \u00c7anta Plastik Bidon Hacim:\u00a060 Litre Y\u00fckseklik:\u00a0630 mm Boy:\u00a0398 mm En:\u00a0334 mm Renk:\u00a0Mavi 120 Litre \u00c7emberli Bidon \u00a0 Hacim:\u00a0120 Litre Y\u00fckseklik:\u00a0496 mm En:\u00a0445 mm Renk:\u00a0Mavi<\/p>","protected":false},"author":1,"featured_media":0,"parent":966,"menu_order":1,"comment_status":"closed","ping_status":"closed","template":"","meta":{"_uag_custom_page_level_css":"","site-sidebar-layout":"no-sidebar","site-content-layout":"page-builder","ast-site-content-layout":"full-width-container","site-content-style":"default","site-sidebar-style":"default","ast-global-header-display":"","ast-banner-title-visibility":"","ast-main-header-display":"","ast-hfb-above-header-display":"","ast-hfb-below-header-display":"","ast-hfb-mobile-header-display":"","site-post-title":"","ast-breadcrumbs-content":"","ast-featured-img":"disabled","footer-sml-layout":"","theme-transparent-header-meta":"","adv-header-id-meta":"","stick-header-meta":"","header-above-stick-meta":"","header-main-stick-meta":"","header-below-stick-meta":"","astra-migrate-meta-layouts":"set","ast-page-background-enabled":"default","ast-page-background-meta":{"desktop":{"background-color":"","background-image":"","background-repeat":"repeat","background-position":"center center","background-size":"auto","background-attachment":"scroll","background-type":"","background-media":"","overlay-type":"","overlay-color":"","overlay-opacity":"","overlay-gradient":""},"tablet":{"background-color":"","background-image":"","background-repeat":"repeat","background-position":"center center","background-size":"auto","background-attachment":"scroll","background-type":"","background-media":"","overlay-type":"","overlay-color":"","overlay-opacity":"","overlay-gradient":""},"mobile":{"background-color":"","background-image":"","background-repeat":"repeat","background-position":"center center","background-size":"auto","background-attachment":"scroll","background-type":"","background-media":"","overlay-type":"","overlay-color":"","overlay-opacity":"","overlay-gradient":""}},"ast-content-background-meta":{"desktop":{"background-color":"var(--ast-global-color-5)","background-image":"","background-repeat":"repeat","background-position":"center center","background-size":"auto","background-attachment":"scroll","background-type":"","background-media":"","overlay-type":"","overlay-color":"","overlay-opacity":"","overlay-gradient":""},"tablet":{"background-color":"var(--ast-global-color-5)","background-image":"","background-repeat":"repeat","background-position":"center center","background-size":"auto","background-attachment":"scroll","background-type":"","background-media":"","overlay-type":"","overlay-color":"","overlay-opacity":"","overlay-gradient":""},"mobile":{"background-color":"var(--ast-global-color-5)","background-image":"","background-repeat":"repeat","background-position":"center center","background-size":"auto","background-attachment":"scroll","background-type":"","background-media":"","overlay-type":"","overlay-color":"","overlay-opacity":"","overlay-gradient":""}},"footnotes":""},"class_list":["post-3810","page","type-page","status-publish","hentry"],"uagb_featured_image_src":{"full":false,"thumbnail":false,"medium":false,"medium_large":false,"large":false,"1536x1536":false,"2048x2048":false,"trp-custom-language-flag":false},"uagb_author_info":{"display_name":"ufukguler97@gmail.com","author_link":"https:\/\/solidaplastik.com\/en\/author\/ufukguler97gmail-com\/"},"uagb_comment_info":0,"uagb_excerpt":"Plastik Ambalaj Grubu \u00dcr\u00fcnlerimiz T\u00fcm\u00fc 30 Litre 60 Litre 120 Litre 30 Litre \u00c7anta Plastik Bidon Hacim:\u00a030 Litre Y\u00fckseklik:\u00a0425 mm Boy:\u00a0333 mm En:\u00a0295 mm Renk:\u00a0Mavi 60 Litre \u00c7anta Plastik Bidon Hacim:\u00a060 Litre Y\u00fckseklik:\u00a0630 mm Boy:\u00a0398 mm En:\u00a0334 mm Renk:\u00a0Mavi 120 Litre \u00c7emberli Bidon \u00a0 Hacim:\u00a0120 Litre Y\u00fckseklik:\u00a0496 mm En:\u00a0445 mm Renk:\u00a0Mavi","_links":{"self":[{"href":"https:\/\/solidaplastik.com\/en\/wp-json\/wp\/v2\/pages\/3810","targetHints":{"allow":["GET"]}}],"collection":[{"href":"https:\/\/solidaplastik.com\/en\/wp-json\/wp\/v2\/pages"}],"about":[{"href":"https:\/\/solidaplastik.com\/en\/wp-json\/wp\/v2\/types\/page"}],"author":[{"embeddable":true,"href":"https:\/\/solidaplastik.com\/en\/wp-json\/wp\/v2\/users\/1"}],"replies":[{"embeddable":true,"href":"https:\/\/solidaplastik.com\/en\/wp-json\/wp\/v2\/comments?post=3810"}],"version-history":[{"count":70,"href":"https:\/\/solidaplastik.com\/en\/wp-json\/wp\/v2\/pages\/3810\/revisions"}],"predecessor-version":[{"id":4988,"href":"https:\/\/solidaplastik.com\/en\/wp-json\/wp\/v2\/pages\/3810\/revisions\/4988"}],"up":[{"embeddable":true,"href":"https:\/\/solidaplastik.com\/en\/wp-json\/wp\/v2\/pages\/966"}],"wp:attachment":[{"href":"https:\/\/solidaplastik.com\/en\/wp-json\/wp\/v2\/media?parent=3810"}],"curies":[{"name":"wp","href":"https:\/\/api.w.org\/{rel}","templated":true}]}}