{"id":3933,"date":"2025-10-18T13:38:16","date_gmt":"2025-10-18T13:38:16","guid":{"rendered":"https:\/\/solidaplastik.com\/?page_id=3933"},"modified":"2026-01-05T15:31:51","modified_gmt":"2026-01-05T15:31:51","slug":"tum-urunler","status":"publish","type":"page","link":"https:\/\/solidaplastik.com\/en\/services-tum-urunler\/tum-urunler\/","title":{"rendered":"T\u00fcm \u00dcr\u00fcnler"},"content":{"rendered":"<div data-elementor-type=\"wp-page\" data-elementor-id=\"3933\" class=\"elementor elementor-3933\">\n\t\t\t\t<div class=\"elementor-element elementor-element-aa81457 e-flex e-con-boxed wpr-particle-no wpr-jarallax-no wpr-parallax-no wpr-sticky-section-no e-con e-parent\" data-id=\"aa81457\" data-element_type=\"container\" data-settings=\"{&quot;background_background&quot;:&quot;classic&quot;}\">\n\t\t\t\t\t<div class=\"e-con-inner\">\n\t\t\t\t\t<\/div>\n\t\t\t\t<\/div>\n\t\t<div class=\"elementor-element elementor-element-8f8062a e-flex e-con-boxed wpr-particle-no wpr-jarallax-no wpr-parallax-no wpr-sticky-section-no e-con e-parent\" data-id=\"8f8062a\" data-element_type=\"container\" data-settings=\"{&quot;background_background&quot;:&quot;classic&quot;,&quot;shape_divider_bottom&quot;:&quot;waves&quot;}\">\n\t\t\t\t\t<div class=\"e-con-inner\">\n\t\t\t\t<div class=\"elementor-shape elementor-shape-bottom\" aria-hidden=\"true\" data-negative=\"false\">\n\t\t\t<svg xmlns=\"http:\/\/www.w3.org\/2000\/svg\" viewbox=\"0 0 1000 100\" preserveaspectratio=\"none\">\n\t<path class=\"elementor-shape-fill\" d=\"M421.9,6.5c22.6-2.5,51.5,0.4,75.5,5.3c23.6,4.9,70.9,23.5,100.5,35.7c75.8,32.2,133.7,44.5,192.6,49.7\tc23.6,2.1,48.7,3.5,103.4-2.5c54.7-6,106.2-25.6,106.2-25.6V0H0v30.3c0,0,72,32.6,158.4,30.5c39.2-0.7,92.8-6.7,134-22.4\tc21.2-8.1,52.2-18.2,79.7-24.2C399.3,7.9,411.6,7.5,421.9,6.5z\"\/>\n<\/svg>\t\t<\/div>\n\t\t<div class=\"elementor-element elementor-element-3a39f9f e-con-full e-flex wpr-particle-no wpr-jarallax-no wpr-parallax-no wpr-sticky-section-no e-con e-child\" data-id=\"3a39f9f\" data-element_type=\"container\" data-settings=\"{&quot;background_background&quot;:&quot;classic&quot;}\">\n\t\t\t\t<div class=\"elementor-element elementor-element-d23d9cc elementor-widget elementor-widget-heading\" data-id=\"d23d9cc\" data-element_type=\"widget\" data-widget_type=\"heading.default\">\n\t\t\t\t<div class=\"elementor-widget-container\">\n\t\t\t\t\t<h1 class=\"elementor-heading-title elementor-size-default\">\u00dcr\u00fcnlerimiz<\/h1>\t\t\t\t<\/div>\n\t\t\t\t<\/div>\n\t\t\t\t<\/div>\n\t\t\t\t\t<\/div>\n\t\t\t\t<\/div>\n\t\t<div class=\"elementor-element elementor-element-082ad5a e-grid e-con-boxed wpr-particle-no wpr-jarallax-no wpr-parallax-no wpr-sticky-section-no e-con e-parent\" data-id=\"082ad5a\" data-element_type=\"container\">\n\t\t\t\t\t<div class=\"e-con-inner\">\n\t\t\t\t<div class=\"elementor-element elementor-element-9120bd8 elementor-widget elementor-widget-heading\" data-id=\"9120bd8\" data-element_type=\"widget\" data-widget_type=\"heading.default\">\n\t\t\t\t<div class=\"elementor-widget-container\">\n\t\t\t\t\t<h2 class=\"elementor-heading-title elementor-size-default\">Plastik Ambalaj Grubu<\/h2>\t\t\t\t<\/div>\n\t\t\t\t<\/div>\n\t\t\t\t<div class=\"elementor-element elementor-element-7352132 elementor-position-top elementor-widget elementor-widget-image-box\" data-id=\"7352132\" data-element_type=\"widget\" data-widget_type=\"image-box.default\">\n\t\t\t\t<div class=\"elementor-widget-container\">\n\t\t\t\t\t<div class=\"elementor-image-box-wrapper\"><figure class=\"elementor-image-box-img\"><a href=\"https:\/\/solidaplastik.com\/en\/services-tum-urunler\/plastik-ambalaj-grubu\/\" tabindex=\"-1\"><img fetchpriority=\"high\" decoding=\"async\" width=\"941\" height=\"922\" src=\"https:\/\/solidaplastik.com\/wp-content\/uploads\/2026\/01\/Ufuk-solida-8.png\" class=\"elementor-animation-grow attachment-2048x2048 size-2048x2048 wp-image-4489\" alt=\"ufuk solida (8)\" title=\"T\u00fcm \u00dcr\u00fcnler\" srcset=\"https:\/\/solidaplastik.com\/wp-content\/uploads\/2026\/01\/Ufuk-solida-8.png 941w, https:\/\/solidaplastik.com\/wp-content\/uploads\/2026\/01\/Ufuk-solida-8-300x294.png 300w, https:\/\/solidaplastik.com\/wp-content\/uploads\/2026\/01\/Ufuk-solida-8-768x752.png 768w, https:\/\/solidaplastik.com\/wp-content\/uploads\/2026\/01\/Ufuk-solida-8-12x12.png 12w\" sizes=\"(max-width: 941px) 100vw, 941px\" \/><\/a><\/figure><div class=\"elementor-image-box-content\"><h2 class=\"elementor-image-box-title\"><a href=\"https:\/\/solidaplastik.com\/en\/services-tum-urunler\/plastik-ambalaj-grubu\/\">30 Litre Plastik \u00c7anta Bidon<\/a><\/h2><\/div><\/div>\t\t\t\t<\/div>\n\t\t\t\t<\/div>\n\t\t\t\t<div class=\"elementor-element elementor-element-85223b5 elementor-position-top elementor-widget elementor-widget-image-box\" data-id=\"85223b5\" data-element_type=\"widget\" data-widget_type=\"image-box.default\">\n\t\t\t\t<div class=\"elementor-widget-container\">\n\t\t\t\t\t<div class=\"elementor-image-box-wrapper\"><figure class=\"elementor-image-box-img\"><a href=\"https:\/\/solidaplastik.com\/en\/services-tum-urunler\/plastik-ambalaj-grubu\/\" tabindex=\"-1\"><img decoding=\"async\" width=\"941\" height=\"922\" src=\"https:\/\/solidaplastik.com\/wp-content\/uploads\/2026\/01\/Ufuk-solida-9.png\" class=\"elementor-animation-grow attachment-2048x2048 size-2048x2048 wp-image-4490\" alt=\"ufuk solida (9)\" title=\"T\u00fcm \u00dcr\u00fcnler\" srcset=\"https:\/\/solidaplastik.com\/wp-content\/uploads\/2026\/01\/Ufuk-solida-9.png 941w, https:\/\/solidaplastik.com\/wp-content\/uploads\/2026\/01\/Ufuk-solida-9-300x294.png 300w, https:\/\/solidaplastik.com\/wp-content\/uploads\/2026\/01\/Ufuk-solida-9-768x752.png 768w, https:\/\/solidaplastik.com\/wp-content\/uploads\/2026\/01\/Ufuk-solida-9-12x12.png 12w\" sizes=\"(max-width: 941px) 100vw, 941px\" \/><\/a><\/figure><div class=\"elementor-image-box-content\"><h2 class=\"elementor-image-box-title\"><a href=\"https:\/\/solidaplastik.com\/en\/services-tum-urunler\/plastik-ambalaj-grubu\/\">60 Litre Plastik \u00c7anta Bidon<\/a><\/h2><\/div><\/div>\t\t\t\t<\/div>\n\t\t\t\t<\/div>\n\t\t\t\t<div class=\"elementor-element elementor-element-65e06da elementor-position-top elementor-widget elementor-widget-image-box\" data-id=\"65e06da\" data-element_type=\"widget\" data-widget_type=\"image-box.default\">\n\t\t\t\t<div class=\"elementor-widget-container\">\n\t\t\t\t\t<div class=\"elementor-image-box-wrapper\"><figure class=\"elementor-image-box-img\"><a href=\"https:\/\/solidaplastik.com\/en\/services-tum-urunler\/plastik-ambalaj-grubu\/\" tabindex=\"-1\"><img decoding=\"async\" width=\"1034\" height=\"1096\" src=\"https:\/\/solidaplastik.com\/wp-content\/uploads\/2026\/01\/Ufuk-solida-14.png\" class=\"elementor-animation-grow attachment-2048x2048 size-2048x2048 wp-image-4601\" alt=\"ufuk solida (14)\" title=\"T\u00fcm \u00dcr\u00fcnler\" srcset=\"https:\/\/solidaplastik.com\/wp-content\/uploads\/2026\/01\/Ufuk-solida-14.png 1034w, https:\/\/solidaplastik.com\/wp-content\/uploads\/2026\/01\/Ufuk-solida-14-283x300.png 283w, https:\/\/solidaplastik.com\/wp-content\/uploads\/2026\/01\/Ufuk-solida-14-966x1024.png 966w, https:\/\/solidaplastik.com\/wp-content\/uploads\/2026\/01\/Ufuk-solida-14-768x814.png 768w, https:\/\/solidaplastik.com\/wp-content\/uploads\/2026\/01\/Ufuk-solida-14-11x12.png 11w\" sizes=\"(max-width: 1034px) 100vw, 1034px\" \/><\/a><\/figure><div class=\"elementor-image-box-content\"><h2 class=\"elementor-image-box-title\"><a href=\"https:\/\/solidaplastik.com\/en\/services-tum-urunler\/plastik-ambalaj-grubu\/\">120 Litre Plastik \u00c7embeli Bidon<\/a><\/h2><\/div><\/div>\t\t\t\t<\/div>\n\t\t\t\t<\/div>\n\t\t\t\t<div class=\"elementor-element elementor-element-4ec42f7 elementor-align-right elementor-widget elementor-widget-button\" data-id=\"4ec42f7\" data-element_type=\"widget\" data-widget_type=\"button.default\">\n\t\t\t\t<div class=\"elementor-widget-container\">\n\t\t\t\t\t\t\t\t\t<div class=\"elementor-button-wrapper\">\n\t\t\t\t\t<a class=\"elementor-button elementor-button-link elementor-size-sm\" href=\"https:\/\/solidaplastik.com\/en\/services-tum-urunler\/plastik-ambalaj-grubu\/\">\n\t\t\t\t\t\t<span class=\"elementor-button-content-wrapper\">\n\t\t\t\t\t\t\t\t\t<span class=\"elementor-button-text\">\u0130ncele<\/span>\n\t\t\t\t\t<\/span>\n\t\t\t\t\t<\/a>\n\t\t\t\t<\/div>\n\t\t\t\t\t\t\t\t<\/div>\n\t\t\t\t<\/div>\n\t\t\t\t\t<\/div>\n\t\t\t\t<\/div>\n\t\t<div class=\"elementor-element elementor-element-0429fd6 e-flex e-con-boxed wpr-particle-no wpr-jarallax-no wpr-parallax-no wpr-sticky-section-no e-con e-parent\" data-id=\"0429fd6\" data-element_type=\"container\">\n\t\t\t\t\t<div class=\"e-con-inner\">\n\t\t\t\t<div class=\"elementor-element elementor-element-29749d5 elementor-widget-divider--view-line elementor-widget elementor-widget-divider\" data-id=\"29749d5\" data-element_type=\"widget\" data-widget_type=\"divider.default\">\n\t\t\t\t<div class=\"elementor-widget-container\">\n\t\t\t\t\t\t\t<div class=\"elementor-divider\">\n\t\t\t<span class=\"elementor-divider-separator\">\n\t\t\t\t\t\t<\/span>\n\t\t<\/div>\n\t\t\t\t\t\t<\/div>\n\t\t\t\t<\/div>\n\t\t\t\t\t<\/div>\n\t\t\t\t<\/div>\n\t\t<div class=\"elementor-element elementor-element-7ac4947 e-grid e-con-boxed wpr-particle-no wpr-jarallax-no wpr-parallax-no wpr-sticky-section-no e-con e-parent\" data-id=\"7ac4947\" data-element_type=\"container\">\n\t\t\t\t\t<div class=\"e-con-inner\">\n\t\t\t\t<div class=\"elementor-element elementor-element-dc93348 elementor-widget elementor-widget-heading\" data-id=\"dc93348\" data-element_type=\"widget\" data-widget_type=\"heading.default\">\n\t\t\t\t<div class=\"elementor-widget-container\">\n\t\t\t\t\t<h2 class=\"elementor-heading-title elementor-size-default\">Okul Grubu<\/h2>\t\t\t\t<\/div>\n\t\t\t\t<\/div>\n\t\t\t\t<div class=\"elementor-element elementor-element-b96fc73 elementor-position-top elementor-widget elementor-widget-image-box\" data-id=\"b96fc73\" data-element_type=\"widget\" data-widget_type=\"image-box.default\">\n\t\t\t\t<div class=\"elementor-widget-container\">\n\t\t\t\t\t<div class=\"elementor-image-box-wrapper\"><figure class=\"elementor-image-box-img\"><a href=\"https:\/\/solidaplastik.com\/en\/services-tum-urunler\/okul-grubu\/\" tabindex=\"-1\"><img loading=\"lazy\" decoding=\"async\" width=\"1034\" height=\"1096\" src=\"https:\/\/solidaplastik.com\/wp-content\/uploads\/2026\/01\/Ufuk-solida-13.png\" class=\"elementor-animation-grow attachment-2048x2048 size-2048x2048 wp-image-4518\" alt=\"ufuk solida (13)\" title=\"T\u00fcm \u00dcr\u00fcnler\" srcset=\"https:\/\/solidaplastik.com\/wp-content\/uploads\/2026\/01\/Ufuk-solida-13.png 1034w, https:\/\/solidaplastik.com\/wp-content\/uploads\/2026\/01\/Ufuk-solida-13-283x300.png 283w, https:\/\/solidaplastik.com\/wp-content\/uploads\/2026\/01\/Ufuk-solida-13-966x1024.png 966w, https:\/\/solidaplastik.com\/wp-content\/uploads\/2026\/01\/Ufuk-solida-13-768x814.png 768w, https:\/\/solidaplastik.com\/wp-content\/uploads\/2026\/01\/Ufuk-solida-13-11x12.png 11w\" sizes=\"(max-width: 1034px) 100vw, 1034px\" \/><\/a><\/figure><div class=\"elementor-image-box-content\"><h2 class=\"elementor-image-box-title\"><a href=\"https:\/\/solidaplastik.com\/en\/services-tum-urunler\/okul-grubu\/\">Monoblok Sandalye<\/a><\/h2><\/div><\/div>\t\t\t\t<\/div>\n\t\t\t\t<\/div>\n\t\t\t\t<div class=\"elementor-element elementor-element-b5436ad elementor-position-top elementor-widget elementor-widget-image-box\" data-id=\"b5436ad\" data-element_type=\"widget\" data-widget_type=\"image-box.default\">\n\t\t\t\t<div class=\"elementor-widget-container\">\n\t\t\t\t\t<div class=\"elementor-image-box-wrapper\"><figure class=\"elementor-image-box-img\"><a href=\"https:\/\/solidaplastik.com\/en\/services-tum-urunler\/okul-grubu\/\" tabindex=\"-1\"><img loading=\"lazy\" decoding=\"async\" width=\"1034\" height=\"1096\" src=\"https:\/\/solidaplastik.com\/wp-content\/uploads\/2026\/01\/Ufuk-solida-12.png\" class=\"elementor-animation-grow attachment-2048x2048 size-2048x2048 wp-image-4516\" alt=\"ufuk solida (12)\" title=\"T\u00fcm \u00dcr\u00fcnler\" srcset=\"https:\/\/solidaplastik.com\/wp-content\/uploads\/2026\/01\/Ufuk-solida-12.png 1034w, https:\/\/solidaplastik.com\/wp-content\/uploads\/2026\/01\/Ufuk-solida-12-283x300.png 283w, https:\/\/solidaplastik.com\/wp-content\/uploads\/2026\/01\/Ufuk-solida-12-966x1024.png 966w, https:\/\/solidaplastik.com\/wp-content\/uploads\/2026\/01\/Ufuk-solida-12-768x814.png 768w, https:\/\/solidaplastik.com\/wp-content\/uploads\/2026\/01\/Ufuk-solida-12-11x12.png 11w\" sizes=\"(max-width: 1034px) 100vw, 1034px\" \/><\/a><\/figure><div class=\"elementor-image-box-content\"><h2 class=\"elementor-image-box-title\"><a href=\"https:\/\/solidaplastik.com\/en\/services-tum-urunler\/okul-grubu\/\">Sandalye S\u0131rt\u0131 ve Otura\u011f\u0131<\/a><\/h2><\/div><\/div>\t\t\t\t<\/div>\n\t\t\t\t<\/div>\n\t\t\t\t<div class=\"elementor-element elementor-element-b3de8b3 elementor-align-right elementor-widget elementor-widget-button\" data-id=\"b3de8b3\" data-element_type=\"widget\" data-widget_type=\"button.default\">\n\t\t\t\t<div class=\"elementor-widget-container\">\n\t\t\t\t\t\t\t\t\t<div class=\"elementor-button-wrapper\">\n\t\t\t\t\t<a class=\"elementor-button elementor-button-link elementor-size-sm\" href=\"https:\/\/solidaplastik.com\/en\/services-tum-urunler\/okul-grubu\/\">\n\t\t\t\t\t\t<span class=\"elementor-button-content-wrapper\">\n\t\t\t\t\t\t\t\t\t<span class=\"elementor-button-text\">\u0130ncele<\/span>\n\t\t\t\t\t<\/span>\n\t\t\t\t\t<\/a>\n\t\t\t\t<\/div>\n\t\t\t\t\t\t\t\t<\/div>\n\t\t\t\t<\/div>\n\t\t\t\t\t<\/div>\n\t\t\t\t<\/div>\n\t\t<div class=\"elementor-element elementor-element-1fd0ee0 e-flex e-con-boxed wpr-particle-no wpr-jarallax-no wpr-parallax-no wpr-sticky-section-no e-con e-parent\" data-id=\"1fd0ee0\" data-element_type=\"container\">\n\t\t\t\t\t<div class=\"e-con-inner\">\n\t\t\t\t<div class=\"elementor-element elementor-element-94e5c2a elementor-widget-divider--view-line elementor-widget elementor-widget-divider\" data-id=\"94e5c2a\" data-element_type=\"widget\" data-widget_type=\"divider.default\">\n\t\t\t\t<div class=\"elementor-widget-container\">\n\t\t\t\t\t\t\t<div class=\"elementor-divider\">\n\t\t\t<span class=\"elementor-divider-separator\">\n\t\t\t\t\t\t<\/span>\n\t\t<\/div>\n\t\t\t\t\t\t<\/div>\n\t\t\t\t<\/div>\n\t\t\t\t\t<\/div>\n\t\t\t\t<\/div>\n\t\t<div class=\"elementor-element elementor-element-6263f07 e-grid e-con-boxed wpr-particle-no wpr-jarallax-no wpr-parallax-no wpr-sticky-section-no e-con e-parent\" data-id=\"6263f07\" data-element_type=\"container\">\n\t\t\t\t\t<div class=\"e-con-inner\">\n\t\t\t\t<div class=\"elementor-element elementor-element-56f2c30 elementor-widget elementor-widget-heading\" data-id=\"56f2c30\" data-element_type=\"widget\" data-widget_type=\"heading.default\">\n\t\t\t\t<div class=\"elementor-widget-container\">\n\t\t\t\t\t<h2 class=\"elementor-heading-title elementor-size-default\">Trafik Grubu<\/h2>\t\t\t\t<\/div>\n\t\t\t\t<\/div>\n\t\t\t\t<div class=\"elementor-element elementor-element-eedb078 elementor-align-right elementor-widget elementor-widget-button\" data-id=\"eedb078\" data-element_type=\"widget\" data-widget_type=\"button.default\">\n\t\t\t\t<div class=\"elementor-widget-container\">\n\t\t\t\t\t\t\t\t\t<div class=\"elementor-button-wrapper\">\n\t\t\t\t\t<a class=\"elementor-button elementor-button-link elementor-size-sm\" href=\"https:\/\/solidaplastik.com\/en\/services-tum-urunler\/trafik-grubu\/\">\n\t\t\t\t\t\t<span class=\"elementor-button-content-wrapper\">\n\t\t\t\t\t\t\t\t\t<span class=\"elementor-button-text\">\u0130ncele<\/span>\n\t\t\t\t\t<\/span>\n\t\t\t\t\t<\/a>\n\t\t\t\t<\/div>\n\t\t\t\t\t\t\t\t<\/div>\n\t\t\t\t<\/div>\n\t\t\t\t<div class=\"elementor-element elementor-element-84e472e elementor-position-top elementor-widget elementor-widget-image-box\" data-id=\"84e472e\" data-element_type=\"widget\" data-widget_type=\"image-box.default\">\n\t\t\t\t<div class=\"elementor-widget-container\">\n\t\t\t\t\t<div class=\"elementor-image-box-wrapper\"><figure class=\"elementor-image-box-img\"><a href=\"https:\/\/solidaplastik.com\/en\/services-tum-urunler\/okul-grubu\/\" tabindex=\"-1\"><img loading=\"lazy\" decoding=\"async\" width=\"1034\" height=\"1096\" src=\"https:\/\/solidaplastik.com\/wp-content\/uploads\/2026\/01\/Ufuk-solida-11.png\" class=\"elementor-animation-grow attachment-2048x2048 size-2048x2048 wp-image-4512\" alt=\"ufuk solida (11)\" title=\"T\u00fcm \u00dcr\u00fcnler\" srcset=\"https:\/\/solidaplastik.com\/wp-content\/uploads\/2026\/01\/Ufuk-solida-11.png 1034w, https:\/\/solidaplastik.com\/wp-content\/uploads\/2026\/01\/Ufuk-solida-11-283x300.png 283w, https:\/\/solidaplastik.com\/wp-content\/uploads\/2026\/01\/Ufuk-solida-11-966x1024.png 966w, https:\/\/solidaplastik.com\/wp-content\/uploads\/2026\/01\/Ufuk-solida-11-768x814.png 768w, https:\/\/solidaplastik.com\/wp-content\/uploads\/2026\/01\/Ufuk-solida-11-11x12.png 11w\" sizes=\"(max-width: 1034px) 100vw, 1034px\" \/><\/a><\/figure><div class=\"elementor-image-box-content\"><h2 class=\"elementor-image-box-title\"><a href=\"https:\/\/solidaplastik.com\/en\/services-tum-urunler\/okul-grubu\/\">Trafik Dubas\u0131<\/a><\/h2><\/div><\/div>\t\t\t\t<\/div>\n\t\t\t\t<\/div>\n\t\t\t\t\t<\/div>\n\t\t\t\t<\/div>\n\t\t<div class=\"elementor-element elementor-element-c63ad93 e-flex e-con-boxed wpr-particle-no wpr-jarallax-no wpr-parallax-no wpr-sticky-section-no e-con e-parent\" data-id=\"c63ad93\" data-element_type=\"container\">\n\t\t\t\t\t<div class=\"e-con-inner\">\n\t\t\t\t<div class=\"elementor-element elementor-element-04aca1f elementor-widget-divider--view-line elementor-widget elementor-widget-divider\" data-id=\"04aca1f\" data-element_type=\"widget\" data-widget_type=\"divider.default\">\n\t\t\t\t<div class=\"elementor-widget-container\">\n\t\t\t\t\t\t\t<div class=\"elementor-divider\">\n\t\t\t<span class=\"elementor-divider-separator\">\n\t\t\t\t\t\t<\/span>\n\t\t<\/div>\n\t\t\t\t\t\t<\/div>\n\t\t\t\t<\/div>\n\t\t\t\t\t<\/div>\n\t\t\t\t<\/div>\n\t\t<div class=\"elementor-element elementor-element-0d43f0f e-grid elementor-hidden-desktop elementor-hidden-tablet elementor-hidden-mobile e-con-boxed wpr-particle-no wpr-jarallax-no wpr-parallax-no wpr-sticky-section-no e-con e-parent\" data-id=\"0d43f0f\" data-element_type=\"container\">\n\t\t\t\t\t<div class=\"e-con-inner\">\n\t\t\t\t<div class=\"elementor-element elementor-element-7639752 elementor-widget elementor-widget-heading\" data-id=\"7639752\" data-element_type=\"widget\" data-widget_type=\"heading.default\">\n\t\t\t\t<div class=\"elementor-widget-container\">\n\t\t\t\t\t<h2 class=\"elementor-heading-title elementor-size-default\">Hastane Grubu<\/h2>\t\t\t\t<\/div>\n\t\t\t\t<\/div>\n\t\t\t\t<div class=\"elementor-element elementor-element-710c675 elementor-position-top elementor-widget elementor-widget-image-box\" data-id=\"710c675\" data-element_type=\"widget\" data-widget_type=\"image-box.default\">\n\t\t\t\t<div class=\"elementor-widget-container\">\n\t\t\t\t\t<div class=\"elementor-image-box-wrapper\"><figure class=\"elementor-image-box-img\"><a href=\"https:\/\/solidaplastik.com\/en\/services-tum-urunler\/plastik-ambalaj-grubu\/\" tabindex=\"-1\"><img loading=\"lazy\" decoding=\"async\" width=\"330\" height=\"532\" src=\"https:\/\/solidaplastik.com\/wp-content\/uploads\/2025\/10\/Logo-Calismasi-3-1.png\" class=\"elementor-animation-grow attachment-2048x2048 size-2048x2048 wp-image-3504\" alt=\"logo \u00c7al\u0131\u015fmas\u0131 (3)\" title=\"T\u00fcm \u00dcr\u00fcnler\" srcset=\"https:\/\/solidaplastik.com\/wp-content\/uploads\/2025\/10\/Logo-Calismasi-3-1.png 330w, https:\/\/solidaplastik.com\/wp-content\/uploads\/2025\/10\/Logo-Calismasi-3-1-186x300.png 186w, https:\/\/solidaplastik.com\/wp-content\/uploads\/2025\/10\/Logo-Calismasi-3-1-7x12.png 7w\" sizes=\"(max-width: 330px) 100vw, 330px\" \/><\/a><\/figure><div class=\"elementor-image-box-content\"><h2 class=\"elementor-image-box-title\"><a href=\"https:\/\/solidaplastik.com\/en\/services-tum-urunler\/plastik-ambalaj-grubu\/\">Hastane Yata\u011f\u0131<\/a><\/h2><\/div><\/div>\t\t\t\t<\/div>\n\t\t\t\t<\/div>\n\t\t\t\t<div class=\"elementor-element elementor-element-2997b0b elementor-align-right elementor-widget elementor-widget-button\" data-id=\"2997b0b\" data-element_type=\"widget\" data-widget_type=\"button.default\">\n\t\t\t\t<div class=\"elementor-widget-container\">\n\t\t\t\t\t\t\t\t\t<div class=\"elementor-button-wrapper\">\n\t\t\t\t\t<a class=\"elementor-button elementor-button-link elementor-size-sm\" href=\"https:\/\/solidaplastik.com\/en\/services-tum-urunler\/okul-grubu\/hastane-grubu\/\">\n\t\t\t\t\t\t<span class=\"elementor-button-content-wrapper\">\n\t\t\t\t\t\t\t\t\t<span class=\"elementor-button-text\">\u0130ncele<\/span>\n\t\t\t\t\t<\/span>\n\t\t\t\t\t<\/a>\n\t\t\t\t<\/div>\n\t\t\t\t\t\t\t\t<\/div>\n\t\t\t\t<\/div>\n\t\t\t\t\t<\/div>\n\t\t\t\t<\/div>\n\t\t\t\t<\/div>","protected":false},"excerpt":{"rendered":"<p>\u00dcr\u00fcnlerimiz Plastik Ambalaj Grubu 30 Litre Plastik \u00c7anta Bidon 60 Litre Plastik \u00c7anta Bidon 120 Litre Plastik \u00c7embeli Bidon \u0130ncele Okul Grubu Monoblok Sandalye Sandalye S\u0131rt\u0131 ve Otura\u011f\u0131 \u0130ncele Trafik Grubu \u0130ncele Trafik Dubas\u0131 Hastane Grubu Hastane Yata\u011f\u0131 \u0130ncele<\/p>","protected":false},"author":1,"featured_media":0,"parent":966,"menu_order":5,"comment_status":"closed","ping_status":"closed","template":"","meta":{"_uag_custom_page_level_css":"","site-sidebar-layout":"no-sidebar","site-content-layout":"page-builder","ast-site-content-layout":"full-width-container","site-content-style":"unboxed","site-sidebar-style":"unboxed","ast-global-header-display":"","ast-banner-title-visibility":"","ast-main-header-display":"","ast-hfb-above-header-display":"","ast-hfb-below-header-display":"","ast-hfb-mobile-header-display":"","site-post-title":"","ast-breadcrumbs-content":"disabled","ast-featured-img":"disabled","footer-sml-layout":"","theme-transparent-header-meta":"enabled","adv-header-id-meta":"","stick-header-meta":"","header-above-stick-meta":"","header-main-stick-meta":"","header-below-stick-meta":"","astra-migrate-meta-layouts":"set","ast-page-background-enabled":"default","ast-page-background-meta":{"desktop":{"background-color":"","background-image":"","background-repeat":"repeat","background-position":"center center","background-size":"auto","background-attachment":"scroll","background-type":"","background-media":"","overlay-type":"","overlay-color":"","overlay-opacity":"","overlay-gradient":""},"tablet":{"background-color":"","background-image":"","background-repeat":"repeat","background-position":"center center","background-size":"auto","background-attachment":"scroll","background-type":"","background-media":"","overlay-type":"","overlay-color":"","overlay-opacity":"","overlay-gradient":""},"mobile":{"background-color":"","background-image":"","background-repeat":"repeat","background-position":"center center","background-size":"auto","background-attachment":"scroll","background-type":"","background-media":"","overlay-type":"","overlay-color":"","overlay-opacity":"","overlay-gradient":""}},"ast-content-background-meta":{"desktop":{"background-color":"var(--ast-global-color-5)","background-image":"","background-repeat":"repeat","background-position":"center center","background-size":"auto","background-attachment":"scroll","background-type":"","background-media":"","overlay-type":"","overlay-color":"","overlay-opacity":"","overlay-gradient":""},"tablet":{"background-color":"var(--ast-global-color-5)","background-image":"","background-repeat":"repeat","background-position":"center center","background-size":"auto","background-attachment":"scroll","background-type":"","background-media":"","overlay-type":"","overlay-color":"","overlay-opacity":"","overlay-gradient":""},"mobile":{"background-color":"var(--ast-global-color-5)","background-image":"","background-repeat":"repeat","background-position":"center center","background-size":"auto","background-attachment":"scroll","background-type":"","background-media":"","overlay-type":"","overlay-color":"","overlay-opacity":"","overlay-gradient":""}},"footnotes":""},"class_list":["post-3933","page","type-page","status-publish","hentry"],"uagb_featured_image_src":{"full":false,"thumbnail":false,"medium":false,"medium_large":false,"large":false,"1536x1536":false,"2048x2048":false,"trp-custom-language-flag":false},"uagb_author_info":{"display_name":"ufukguler97@gmail.com","author_link":"https:\/\/solidaplastik.com\/en\/author\/ufukguler97gmail-com\/"},"uagb_comment_info":0,"uagb_excerpt":"\u00dcr\u00fcnlerimiz Plastik Ambalaj Grubu 30 Litre Plastik \u00c7anta Bidon 60 Litre Plastik \u00c7anta Bidon 120 Litre Plastik \u00c7embeli Bidon \u0130ncele Okul Grubu Monoblok Sandalye Sandalye S\u0131rt\u0131 ve Otura\u011f\u0131 \u0130ncele Trafik Grubu \u0130ncele Trafik Dubas\u0131 Hastane Grubu Hastane Yata\u011f\u0131 \u0130ncele","_links":{"self":[{"href":"https:\/\/solidaplastik.com\/en\/wp-json\/wp\/v2\/pages\/3933","targetHints":{"allow":["GET"]}}],"collection":[{"href":"https:\/\/solidaplastik.com\/en\/wp-json\/wp\/v2\/pages"}],"about":[{"href":"https:\/\/solidaplastik.com\/en\/wp-json\/wp\/v2\/types\/page"}],"author":[{"embeddable":true,"href":"https:\/\/solidaplastik.com\/en\/wp-json\/wp\/v2\/users\/1"}],"replies":[{"embeddable":true,"href":"https:\/\/solidaplastik.com\/en\/wp-json\/wp\/v2\/comments?post=3933"}],"version-history":[{"count":169,"href":"https:\/\/solidaplastik.com\/en\/wp-json\/wp\/v2\/pages\/3933\/revisions"}],"predecessor-version":[{"id":4689,"href":"https:\/\/solidaplastik.com\/en\/wp-json\/wp\/v2\/pages\/3933\/revisions\/4689"}],"up":[{"embeddable":true,"href":"https:\/\/solidaplastik.com\/en\/wp-json\/wp\/v2\/pages\/966"}],"wp:attachment":[{"href":"https:\/\/solidaplastik.com\/en\/wp-json\/wp\/v2\/media?parent=3933"}],"curies":[{"name":"wp","href":"https:\/\/api.w.org\/{rel}","templated":true}]}}